{"id":2432,"date":"2023-08-31T12:45:03","date_gmt":"2023-08-31T12:45:03","guid":{"rendered":"https:\/\/asesorialuisfernando.com\/?page_id=2432"},"modified":"2023-09-04T20:18:40","modified_gmt":"2023-09-04T20:18:40","slug":"aviso-legal","status":"publish","type":"page","link":"https:\/\/asesorialuisfernando.com\/en\/aviso-legal\/","title":{"rendered":"Aviso Legal"},"content":{"rendered":"<div class=\"fusion-fullwidth fullwidth-box fusion-builder-row-1 fusion-flex-container has-pattern-background has-mask-background nonhundred-percent-fullwidth non-hundred-percent-height-scrolling\" style=\"--awb-border-radius-top-left:0px;--awb-border-radius-top-right:0px;--awb-border-radius-bottom-right:0px;--awb-border-radius-bottom-left:0px;--awb-flex-wrap:wrap;\" ><div class=\"fusion-builder-row fusion-row fusion-flex-align-items-flex-start fusion-flex-content-wrap\" style=\"max-width:1310.4px;margin-left: calc(-4% \/ 2 );margin-right: calc(-4% \/ 2 );\"><div class=\"fusion-layout-column fusion_builder_column fusion-builder-column-0 fusion_builder_column_1_1 1_1 fusion-flex-column\" style=\"--awb-bg-size:cover;--awb-width-large:100%;--awb-margin-top-large:20px;--awb-spacing-right-large:1.92%;--awb-margin-bottom-large:20px;--awb-spacing-left-large:1.92%;--awb-width-medium:100%;--awb-order-medium:0;--awb-spacing-right-medium:1.92%;--awb-spacing-left-medium:1.92%;--awb-width-small:100%;--awb-order-small:0;--awb-spacing-right-small:1.92%;--awb-spacing-left-small:1.92%;\"><div class=\"fusion-column-wrapper fusion-column-has-shadow fusion-flex-justify-content-flex-start fusion-content-layout-column\"><div class=\"fusion-text fusion-text-1\"><p><strong>Informaci\u00f3n General<\/strong><\/p>\n<p>El titular de este sitio web es ASESORIA LUIS FERNANDO S.L., con CIF B15121163 y domicilio sito en Av. de Fisterra, 34. 15129 &#8211; Vimianzo (A Coru\u00f1a)<\/p>\n<p>Con \u00e1nimo de que el uso del Sitio Web se ajuste a criterios de transparencia, claridad y sencillez, ASESORIA LUIS FERNANDO S.L.. informa al usuario que cualquier sugerencia, duda o consulta sobre el presente Aviso Legal o cualquier otro documento informativo del sitio web ser\u00e1 recibida y solucionada contactando con ASESORIA LUIS FERNANDO S.L., a trav\u00e9s de la direcci\u00f3n de correo electr\u00f3nica: info@asesorialuisfernando.com<\/p>\n<p><strong>Propiedad Intelectual<\/strong><\/p>\n<p>Todos los contenidos que se muestran en el presente sitio web, y en especial dise\u00f1os, textos, im\u00e1genes, logos, iconos, nombres comerciales, marcas o cualquier otra informaci\u00f3n susceptible de utilizaci\u00f3n industrial y\/o comercial est\u00e1n protegidos por los correspondientes derechos de autor, no permitiendo su reproducci\u00f3n, transmisi\u00f3n o registro de informaci\u00f3n salvo autorizaci\u00f3n previa del titular, ASESORIA LUIS FERNANDO S.L.. No obstante, el usuario podr\u00e1 utilizar informaci\u00f3n facilitada para gestionar su pedido y los datos de contacto correspondientes.<\/p>\n<p><strong>Enlaces<\/strong><\/p>\n<p>ASESORIA LUIS FERNANDO S.L., no asume ninguna responsabilidad sobre los enlaces hac\u00eda otros sitios o p\u00e1ginas web que, en su caso, pudieran incluirse en el mismo, ya que no tiene ning\u00fan tipo de control sobre los mismos, por lo que el usuario accede bajo su exclusiva responsabilidad al contenido y en las condiciones de uso que rijan en los mismos.<\/p>\n<\/div><\/div><\/div><\/div><\/div>","protected":false},"excerpt":{"rendered":"","protected":false},"author":1,"featured_media":0,"parent":0,"menu_order":0,"comment_status":"closed","ping_status":"closed","template":"","meta":{"footnotes":""},"class_list":["post-2432","page","type-page","status-publish","hentry"],"yoast_head":"<!-- This site is optimized with the Yoast SEO plugin v25.9 - https:\/\/yoast.com\/wordpress\/plugins\/seo\/ -->\n<title>Aviso Legal | Asesor\u00eda Luis Fernando<\/title>\n<meta name=\"robots\" content=\"noindex, follow\" \/>\n<meta property=\"og:locale\" content=\"en_GB\" \/>\n<meta property=\"og:type\" content=\"article\" \/>\n<meta property=\"og:title\" content=\"Aviso Legal | Asesor\u00eda Luis Fernando\" \/>\n<meta property=\"og:url\" content=\"https:\/\/asesorialuisfernando.com\/en\/aviso-legal\/\" \/>\n<meta property=\"og:site_name\" content=\"Asesor\u00eda Luis Fernando\" \/>\n<meta property=\"article:modified_time\" content=\"2023-09-04T20:18:40+00:00\" \/>\n<meta name=\"twitter:card\" content=\"summary_large_image\" \/>\n<meta name=\"twitter:label1\" content=\"Estimated reading time\" \/>\n\t<meta name=\"twitter:data1\" content=\"3 minutes\" \/>\n<script type=\"application\/ld+json\" class=\"yoast-schema-graph\">{\"@context\":\"https:\/\/schema.org\",\"@graph\":[{\"@type\":\"WebPage\",\"@id\":\"https:\/\/asesorialuisfernando.com\/aviso-legal\/\",\"url\":\"https:\/\/asesorialuisfernando.com\/aviso-legal\/\",\"name\":\"Aviso Legal | Asesor\u00eda Luis Fernando\",\"isPartOf\":{\"@id\":\"https:\/\/asesorialuisfernando.com\/#website\"},\"datePublished\":\"2023-08-31T12:45:03+00:00\",\"dateModified\":\"2023-09-04T20:18:40+00:00\",\"breadcrumb\":{\"@id\":\"https:\/\/asesorialuisfernando.com\/aviso-legal\/#breadcrumb\"},\"inLanguage\":\"en-GB\",\"potentialAction\":[{\"@type\":\"ReadAction\",\"target\":[\"https:\/\/asesorialuisfernando.com\/aviso-legal\/\"]}]},{\"@type\":\"BreadcrumbList\",\"@id\":\"https:\/\/asesorialuisfernando.com\/aviso-legal\/#breadcrumb\",\"itemListElement\":[{\"@type\":\"ListItem\",\"position\":1,\"name\":\"Portada\",\"item\":\"https:\/\/asesorialuisfernando.com\/\"},{\"@type\":\"ListItem\",\"position\":2,\"name\":\"Aviso Legal\"}]},{\"@type\":\"WebSite\",\"@id\":\"https:\/\/asesorialuisfernando.com\/#website\",\"url\":\"https:\/\/asesorialuisfernando.com\/\",\"name\":\"Asesor\u00eda Luis Fernando\",\"description\":\"Gestor\u00eda fiscal, laboral, contable y de seguros\",\"publisher\":{\"@id\":\"https:\/\/asesorialuisfernando.com\/#organization\"},\"potentialAction\":[{\"@type\":\"SearchAction\",\"target\":{\"@type\":\"EntryPoint\",\"urlTemplate\":\"https:\/\/asesorialuisfernando.com\/?s={search_term_string}\"},\"query-input\":{\"@type\":\"PropertyValueSpecification\",\"valueRequired\":true,\"valueName\":\"search_term_string\"}}],\"inLanguage\":\"en-GB\"},{\"@type\":\"Organization\",\"@id\":\"https:\/\/asesorialuisfernando.com\/#organization\",\"name\":\"Asesor\u00eda Luis Fernando\",\"url\":\"https:\/\/asesorialuisfernando.com\/\",\"logo\":{\"@type\":\"ImageObject\",\"inLanguage\":\"en-GB\",\"@id\":\"https:\/\/asesorialuisfernando.com\/#\/schema\/logo\/image\/\",\"url\":\"https:\/\/asesorialuisfernando.com\/wp-content\/uploads\/2023\/08\/asesorialuisfernando-logo-@2x.png\",\"contentUrl\":\"https:\/\/asesorialuisfernando.com\/wp-content\/uploads\/2023\/08\/asesorialuisfernando-logo-@2x.png\",\"width\":342,\"height\":149,\"caption\":\"Asesor\u00eda Luis Fernando\"},\"image\":{\"@id\":\"https:\/\/asesorialuisfernando.com\/#\/schema\/logo\/image\/\"}}]}<\/script>\n<!-- \/ Yoast SEO plugin. -->","yoast_head_json":{"title":"Aviso Legal | Asesor\u00eda Luis Fernando","robots":{"index":"noindex","follow":"follow"},"og_locale":"en_GB","og_type":"article","og_title":"Aviso Legal | Asesor\u00eda Luis Fernando","og_url":"https:\/\/asesorialuisfernando.com\/en\/aviso-legal\/","og_site_name":"Asesor\u00eda Luis Fernando","article_modified_time":"2023-09-04T20:18:40+00:00","twitter_card":"summary_large_image","twitter_misc":{"Estimated reading time":"3 minutes"},"schema":{"@context":"https:\/\/schema.org","@graph":[{"@type":"WebPage","@id":"https:\/\/asesorialuisfernando.com\/aviso-legal\/","url":"https:\/\/asesorialuisfernando.com\/aviso-legal\/","name":"Aviso Legal | Asesor\u00eda Luis Fernando","isPartOf":{"@id":"https:\/\/asesorialuisfernando.com\/#website"},"datePublished":"2023-08-31T12:45:03+00:00","dateModified":"2023-09-04T20:18:40+00:00","breadcrumb":{"@id":"https:\/\/asesorialuisfernando.com\/aviso-legal\/#breadcrumb"},"inLanguage":"en-GB","potentialAction":[{"@type":"ReadAction","target":["https:\/\/asesorialuisfernando.com\/aviso-legal\/"]}]},{"@type":"BreadcrumbList","@id":"https:\/\/asesorialuisfernando.com\/aviso-legal\/#breadcrumb","itemListElement":[{"@type":"ListItem","position":1,"name":"Portada","item":"https:\/\/asesorialuisfernando.com\/"},{"@type":"ListItem","position":2,"name":"Aviso Legal"}]},{"@type":"WebSite","@id":"https:\/\/asesorialuisfernando.com\/#website","url":"https:\/\/asesorialuisfernando.com\/","name":"Asesor\u00eda Luis Fernando","description":"Gestor\u00eda fiscal, laboral, contable y de seguros","publisher":{"@id":"https:\/\/asesorialuisfernando.com\/#organization"},"potentialAction":[{"@type":"SearchAction","target":{"@type":"EntryPoint","urlTemplate":"https:\/\/asesorialuisfernando.com\/?s={search_term_string}"},"query-input":{"@type":"PropertyValueSpecification","valueRequired":true,"valueName":"search_term_string"}}],"inLanguage":"en-GB"},{"@type":"Organization","@id":"https:\/\/asesorialuisfernando.com\/#organization","name":"Asesor\u00eda Luis Fernando","url":"https:\/\/asesorialuisfernando.com\/","logo":{"@type":"ImageObject","inLanguage":"en-GB","@id":"https:\/\/asesorialuisfernando.com\/#\/schema\/logo\/image\/","url":"https:\/\/asesorialuisfernando.com\/wp-content\/uploads\/2023\/08\/asesorialuisfernando-logo-@2x.png","contentUrl":"https:\/\/asesorialuisfernando.com\/wp-content\/uploads\/2023\/08\/asesorialuisfernando-logo-@2x.png","width":342,"height":149,"caption":"Asesor\u00eda Luis Fernando"},"image":{"@id":"https:\/\/asesorialuisfernando.com\/#\/schema\/logo\/image\/"}}]}},"_links":{"self":[{"href":"https:\/\/asesorialuisfernando.com\/en\/wp-json\/wp\/v2\/pages\/2432","targetHints":{"allow":["GET"]}}],"collection":[{"href":"https:\/\/asesorialuisfernando.com\/en\/wp-json\/wp\/v2\/pages"}],"about":[{"href":"https:\/\/asesorialuisfernando.com\/en\/wp-json\/wp\/v2\/types\/page"}],"author":[{"embeddable":true,"href":"https:\/\/asesorialuisfernando.com\/en\/wp-json\/wp\/v2\/users\/1"}],"replies":[{"embeddable":true,"href":"https:\/\/asesorialuisfernando.com\/en\/wp-json\/wp\/v2\/comments?post=2432"}],"version-history":[{"count":4,"href":"https:\/\/asesorialuisfernando.com\/en\/wp-json\/wp\/v2\/pages\/2432\/revisions"}],"predecessor-version":[{"id":2629,"href":"https:\/\/asesorialuisfernando.com\/en\/wp-json\/wp\/v2\/pages\/2432\/revisions\/2629"}],"wp:attachment":[{"href":"https:\/\/asesorialuisfernando.com\/en\/wp-json\/wp\/v2\/media?parent=2432"}],"curies":[{"name":"wp","href":"https:\/\/api.w.org\/{rel}","templated":true}]}}